{"id":924,"date":"2019-08-13T19:47:01","date_gmt":"2019-08-13T19:47:01","guid":{"rendered":"https:\/\/matsuru.ro\/?post_type=product&#038;p=924"},"modified":"2026-03-27T10:49:51","modified_gmt":"2026-03-27T10:49:51","slug":"centura-judo-i-j-f","status":"publish","type":"product","link":"https:\/\/matsuru.ro\/hu\/centuri\/centura-judo-i-j-f\/","title":{"rendered":"I.J.F. Fekete Judo \u00f6v"},"content":{"rendered":"<p>A Matsuru IJF Approved fekete \u00f6v halad\u00f3 \u00e9s versenyz\u0151 jud\u00f3sok sz\u00e1m\u00e1ra k\u00e9sz\u00fclt, akiknek fontos a nemzetk\u00f6zi szabv\u00e1nyoknak megfelel\u0151 felszerel\u00e9s. A kiv\u00e1l\u00f3 min\u0151s\u00e9g\u0171 pamut anyag \u00e9s a t\u00f6bbsz\u00f6r\u00f6s varr\u00e1s biztos\u00edtja a hossz\u00fa \u00e9lettartamot \u00e9s az ellen\u00e1ll\u00e1st m\u00e9g intenz\u00edv haszn\u00e1lat mellett is, megfelelve az IJF versenyk\u00f6vetelm\u00e9nyeknek.<\/p>\n<p>Az \u00f6v tart\u00e1sa stabil, j\u00f3l k\u00f6thet\u0151, \u00e9s rendszeres haszn\u00e1lat sor\u00e1n is meg\u0151rzi form\u00e1j\u00e1t. Ide\u00e1lis versenyjudohoz, valamint lehet\u0151s\u00e9get ad egyedi h\u00edmz\u00e9sre (n\u00e9v vagy fokozat), \u00edgy praktikus v\u00e1laszt\u00e1s azoknak a sportol\u00f3knak, akik megb\u00edzhat\u00f3, professzion\u00e1lis \u00e9s szem\u00e9lyre szabhat\u00f3 \u00f6vet keresnek.<\/p>","protected":false},"excerpt":{"rendered":"<p>A Matsuru IJF Approved fekete judo \u00f6v verseny\u00f6v, amely az International Judo Federation el\u0151\u00edr\u00e1sainak megfelel\u0151en k\u00e9sz\u00fclt pr\u00e9mium pamutb\u00f3l. Stabil tart\u00e1st, nagyfok\u00fa tart\u00f3ss\u00e1got biztos\u00edt, \u00e9s alkalmas intenz\u00edv edz\u00e9sekhez, valamint hivatalos versenyekhez, h\u00edmz\u00e9ssel szem\u00e9lyre szabhat\u00f3.<\/p>","protected":false},"featured_media":2598,"template":"","meta":{"ocean_post_layout":"","ocean_both_sidebars_style":"","ocean_both_sidebars_content_width":0,"ocean_both_sidebars_sidebars_width":0,"ocean_sidebar":"0","ocean_second_sidebar":"0","ocean_disable_margins":"enable","ocean_add_body_class":"","ocean_shortcode_before_top_bar":"","ocean_shortcode_after_top_bar":"","ocean_shortcode_before_header":"","ocean_shortcode_after_header":"","ocean_has_shortcode":"","ocean_shortcode_after_title":"","ocean_shortcode_before_footer_widgets":"","ocean_shortcode_after_footer_widgets":"","ocean_shortcode_before_footer_bottom":"","ocean_shortcode_after_footer_bottom":"","ocean_display_top_bar":"default","ocean_display_header":"default","ocean_header_style":"","ocean_center_header_left_menu":"0","ocean_custom_header_template":"0","ocean_custom_logo":0,"ocean_custom_retina_logo":0,"ocean_custom_logo_max_width":0,"ocean_custom_logo_tablet_max_width":0,"ocean_custom_logo_mobile_max_width":0,"ocean_custom_logo_max_height":0,"ocean_custom_logo_tablet_max_height":0,"ocean_custom_logo_mobile_max_height":0,"ocean_header_custom_menu":"0","ocean_menu_typo_font_family":"0","ocean_menu_typo_font_subset":"","ocean_menu_typo_font_size":0,"ocean_menu_typo_font_size_tablet":0,"ocean_menu_typo_font_size_mobile":0,"ocean_menu_typo_font_size_unit":"px","ocean_menu_typo_font_weight":"","ocean_menu_typo_font_weight_tablet":"","ocean_menu_typo_font_weight_mobile":"","ocean_menu_typo_transform":"","ocean_menu_typo_transform_tablet":"","ocean_menu_typo_transform_mobile":"","ocean_menu_typo_line_height":0,"ocean_menu_typo_line_height_tablet":0,"ocean_menu_typo_line_height_mobile":0,"ocean_menu_typo_line_height_unit":"","ocean_menu_typo_spacing":0,"ocean_menu_typo_spacing_tablet":0,"ocean_menu_typo_spacing_mobile":0,"ocean_menu_typo_spacing_unit":"","ocean_menu_link_color":"","ocean_menu_link_color_hover":"","ocean_menu_link_color_active":"","ocean_menu_link_background":"","ocean_menu_link_hover_background":"","ocean_menu_link_active_background":"","ocean_menu_social_links_bg":"","ocean_menu_social_hover_links_bg":"","ocean_menu_social_links_color":"","ocean_menu_social_hover_links_color":"","ocean_disable_title":"default","ocean_disable_heading":"default","ocean_post_title":"","ocean_post_subheading":"","ocean_post_title_style":"","ocean_post_title_background_color":"","ocean_post_title_background":0,"ocean_post_title_bg_image_position":"","ocean_post_title_bg_image_attachment":"","ocean_post_title_bg_image_repeat":"","ocean_post_title_bg_image_size":"","ocean_post_title_height":0,"ocean_post_title_bg_overlay":0.5,"ocean_post_title_bg_overlay_color":"","ocean_disable_breadcrumbs":"default","ocean_breadcrumbs_color":"","ocean_breadcrumbs_separator_color":"","ocean_breadcrumbs_links_color":"","ocean_breadcrumbs_links_hover_color":"","ocean_display_footer_widgets":"default","ocean_display_footer_bottom":"default","ocean_custom_footer_template":"0"},"product_brand":[],"product_cat":[38,31],"product_tag":[],"class_list":{"0":"post-924","1":"product","2":"type-product","3":"status-publish","4":"has-post-thumbnail","6":"product_cat-centuri","7":"product_cat-judo","9":"entry","10":"has-media","12":"first","13":"instock","14":"shipping-taxable","15":"purchasable","16":"product-type-variable","17":"has-product-nav","18":"col","19":"span_1_of_3","20":"owp-content-center","21":"owp-thumbs-layout-horizontal","22":"owp-btn-normal","23":"owp-tabs-layout-horizontal"},"_links":{"self":[{"href":"https:\/\/matsuru.ro\/hu\/wp-json\/wp\/v2\/product\/924","targetHints":{"allow":["GET"]}}],"collection":[{"href":"https:\/\/matsuru.ro\/hu\/wp-json\/wp\/v2\/product"}],"about":[{"href":"https:\/\/matsuru.ro\/hu\/wp-json\/wp\/v2\/types\/product"}],"wp:featuredmedia":[{"embeddable":true,"href":"https:\/\/matsuru.ro\/hu\/wp-json\/wp\/v2\/media\/2598"}],"wp:attachment":[{"href":"https:\/\/matsuru.ro\/hu\/wp-json\/wp\/v2\/media?parent=924"}],"wp:term":[{"taxonomy":"product_brand","embeddable":true,"href":"https:\/\/matsuru.ro\/hu\/wp-json\/wp\/v2\/product_brand?post=924"},{"taxonomy":"product_cat","embeddable":true,"href":"https:\/\/matsuru.ro\/hu\/wp-json\/wp\/v2\/product_cat?post=924"},{"taxonomy":"product_tag","embeddable":true,"href":"https:\/\/matsuru.ro\/hu\/wp-json\/wp\/v2\/product_tag?post=924"}],"curies":[{"name":"wp","href":"https:\/\/api.w.org\/{rel}","templated":true}]}}