{"id":7948,"date":"2025-11-10T13:22:54","date_gmt":"2025-11-10T13:22:54","guid":{"rendered":"https:\/\/matsuru.ro\/?post_type=product&#038;p=7948"},"modified":"2025-11-10T13:23:14","modified_gmt":"2025-11-10T13:23:14","slug":"manusi-de-box-matsuru-ameteur","status":"publish","type":"product","link":"https:\/\/matsuru.ro\/hu\/produse-noi-promo\/manusi-de-box-matsuru-ameteur\/","title":{"rendered":"Matsuru Ameteur boksz keszty\u0171"},"content":{"rendered":"<p>A Matsuru Amateur bokszkeszty\u0171k a v\u00e9delem, a k\u00e9nyelem \u00e9s a hozz\u00e1f\u00e9rhet\u0151s\u00e9g kiv\u00e1l\u00f3 kombin\u00e1ci\u00f3j\u00e1t k\u00edn\u00e1lj\u00e1k, kifejezetten kezd\u0151k \u00e9s fiatal sportol\u00f3k sz\u00e1m\u00e1ra. A k\u00fcls\u0151 b\u0151rut\u00e1nzatb\u00f3l (kunstleer \/ mesters\u00e9ges b\u0151r) k\u00e9sz\u00fcl \u2013 tart\u00f3s \u00e9s k\u00f6nnyen karbantarthat\u00f3 anyag. ?? - Igen.<\/p>\n<p>A s\u00falytartom\u00e1ny 4 oz-t\u00f3l 16 oz-ig terjed, az al\u00e1bbiak szerint:<br \/>\n\t\u2022 kevesebb, mint 25 kg \u2192 4 oz<br \/>\n\t\u2022 25-35 kg \u2192 6 oz<br \/>\n\t\u2022 35-45 kg \u2192 8 oz<br \/>\n\t\u2022 45-55 kg \u2192 10 oz<br \/>\n\t\u2022 55-65 kg \u2192 12 oz<br \/>\n\t\u2022 65-85 kg \u2192 14 oz<br \/>\n\t\u2022 86-95 kg \u2192 16 oz<br \/>\n\t\u2022 96 kg felett \u2192 18 oz (ha rendelkez\u00e9sre \u00e1ll)<\/p>\n<p>Ez a rendszer lehet\u0151v\u00e9 teszi a keszty\u0171 s\u00faly\u00e1nak tests\u00faly szerinti kiv\u00e1laszt\u00e1s\u00e1t, ami biztos\u00edtja a megfelel\u0151 illeszked\u00e9st \u00e9s az optim\u00e1lis teljes\u00edtm\u00e9nyt. A design egyszer\u0171 \u00e9s funkcion\u00e1lis, olyan sz\u00ednkombin\u00e1ci\u00f3kban kaphat\u00f3, mint a fekete\/k\u00e9k, fekete\/piros stb.  <\/p>\n<p>Ez a rendszer lehet\u0151v\u00e9 teszi a keszty\u0171 s\u00faly\u00e1nak tests\u00faly szerinti kiv\u00e1laszt\u00e1s\u00e1t, ami biztos\u00edtja a megfelel\u0151 illeszked\u00e9st \u00e9s az optim\u00e1lis teljes\u00edtm\u00e9nyt. A design egyszer\u0171 \u00e9s funkcion\u00e1lis, olyan sz\u00ednkombin\u00e1ci\u00f3kban kaphat\u00f3, mint a fekete\/k\u00e9k, fekete\/piros stb.<\/p>\n<p>Aj\u00e1nlott felhaszn\u00e1l\u00e1s: boksz alapk\u00e9pz\u00e9s, juniorok, sportklubok, amelyek megb\u00edzhat\u00f3 felszerel\u00e9st akarnak megfizethet\u0151 \u00e1ron. Figyelem: az anyag b\u0151rut\u00e1nzat, ez\u00e9rt egy val\u00f3di b\u0151rv\u00e1ltozat el\u0151ny\u00f6sebb lehet az intenz\u00edv, versenyk\u00e9pes felhaszn\u00e1l\u00e1shoz.<\/p>\n<p>F\u0151bb el\u0151ny\u00f6k:<br \/>\n\t\u2022 K\u00f6lts\u00e9ghat\u00e9kony kezd\u0151knek.<br \/>\n\t\u2022 K\u00f6nnyen karbantarthat\u00f3 anyag.<br \/>\n\t\u2022 Tiszta s\u00falyv\u00e1laszt\u00e1si rendszer.<br \/>\n\t\u2022 Megb\u00edzhat\u00f3 m\u00e1rka a harcm\u0171v\u00e9szetek ter\u00fclet\u00e9n.<\/p>\n<p>Felhaszn\u00e1l\u00e1si javaslat: Tekintse meg a fenti s\u00falyt\u00e1bl\u00e1zatot, \u00e9s v\u00e1lassza ki a tests\u00faly\u00e1nak megfelel\u0151 keszty\u0171t, hogy kihaszn\u00e1lhassa a v\u00e9delem \u00e9s a mobilit\u00e1s k\u00f6z\u00f6tti optim\u00e1lis egyens\u00falyt.<\/p>","protected":false},"excerpt":{"rendered":"<p>A Matsuru amat\u0151r bokszkeszty\u0171k ide\u00e1lisak kezd\u0151knek \u00e9s junioroknak: B\u0151rut\u00e1nzatb\u00f3l k\u00e9sz\u00fclt, 4 OZ \u00e9s 16 OZ k\u00f6z\u00f6tti s\u00falyokban kaphat\u00f3, a tests\u00falynak megfelel\u0151 optim\u00e1lis illeszked\u00e9s \u00e9rdek\u00e9ben.<\/p>","protected":false},"featured_media":7952,"template":"","meta":{"ocean_post_layout":"","ocean_both_sidebars_style":"","ocean_both_sidebars_content_width":0,"ocean_both_sidebars_sidebars_width":0,"ocean_sidebar":"0","ocean_second_sidebar":"0","ocean_disable_margins":"enable","ocean_add_body_class":"","ocean_shortcode_before_top_bar":"","ocean_shortcode_after_top_bar":"","ocean_shortcode_before_header":"","ocean_shortcode_after_header":"","ocean_has_shortcode":"","ocean_shortcode_after_title":"","ocean_shortcode_before_footer_widgets":"","ocean_shortcode_after_footer_widgets":"","ocean_shortcode_before_footer_bottom":"","ocean_shortcode_after_footer_bottom":"","ocean_display_top_bar":"default","ocean_display_header":"default","ocean_header_style":"","ocean_center_header_left_menu":"0","ocean_custom_header_template":"0","ocean_custom_logo":0,"ocean_custom_retina_logo":0,"ocean_custom_logo_max_width":0,"ocean_custom_logo_tablet_max_width":0,"ocean_custom_logo_mobile_max_width":0,"ocean_custom_logo_max_height":0,"ocean_custom_logo_tablet_max_height":0,"ocean_custom_logo_mobile_max_height":0,"ocean_header_custom_menu":"0","ocean_menu_typo_font_family":"0","ocean_menu_typo_font_subset":"","ocean_menu_typo_font_size":0,"ocean_menu_typo_font_size_tablet":0,"ocean_menu_typo_font_size_mobile":0,"ocean_menu_typo_font_size_unit":"px","ocean_menu_typo_font_weight":"","ocean_menu_typo_font_weight_tablet":"","ocean_menu_typo_font_weight_mobile":"","ocean_menu_typo_transform":"","ocean_menu_typo_transform_tablet":"","ocean_menu_typo_transform_mobile":"","ocean_menu_typo_line_height":0,"ocean_menu_typo_line_height_tablet":0,"ocean_menu_typo_line_height_mobile":0,"ocean_menu_typo_line_height_unit":"","ocean_menu_typo_spacing":0,"ocean_menu_typo_spacing_tablet":0,"ocean_menu_typo_spacing_mobile":0,"ocean_menu_typo_spacing_unit":"","ocean_menu_link_color":"","ocean_menu_link_color_hover":"","ocean_menu_link_color_active":"","ocean_menu_link_background":"","ocean_menu_link_hover_background":"","ocean_menu_link_active_background":"","ocean_menu_social_links_bg":"","ocean_menu_social_hover_links_bg":"","ocean_menu_social_links_color":"","ocean_menu_social_hover_links_color":"","ocean_disable_title":"default","ocean_disable_heading":"default","ocean_post_title":"","ocean_post_subheading":"","ocean_post_title_style":"","ocean_post_title_background_color":"","ocean_post_title_background":0,"ocean_post_title_bg_image_position":"","ocean_post_title_bg_image_attachment":"","ocean_post_title_bg_image_repeat":"","ocean_post_title_bg_image_size":"","ocean_post_title_height":0,"ocean_post_title_bg_overlay":0.5,"ocean_post_title_bg_overlay_color":"","ocean_disable_breadcrumbs":"default","ocean_breadcrumbs_color":"","ocean_breadcrumbs_separator_color":"","ocean_breadcrumbs_links_color":"","ocean_breadcrumbs_links_hover_color":"","ocean_display_footer_widgets":"default","ocean_display_footer_bottom":"default","ocean_custom_footer_template":"0"},"product_brand":[],"product_cat":[34,65],"product_tag":[],"class_list":{"0":"post-7948","1":"product","2":"type-product","3":"status-publish","4":"has-post-thumbnail","6":"product_cat-box-kickbox","7":"product_cat-produse-noi-promo","9":"entry","10":"has-media","12":"first","13":"instock","14":"sale","15":"shipping-taxable","16":"purchasable","17":"product-type-variable","18":"has-product-nav","19":"col","20":"span_1_of_3","21":"owp-content-center","22":"owp-thumbs-layout-horizontal","23":"owp-btn-normal","24":"owp-tabs-layout-horizontal"},"_links":{"self":[{"href":"https:\/\/matsuru.ro\/hu\/wp-json\/wp\/v2\/product\/7948","targetHints":{"allow":["GET"]}}],"collection":[{"href":"https:\/\/matsuru.ro\/hu\/wp-json\/wp\/v2\/product"}],"about":[{"href":"https:\/\/matsuru.ro\/hu\/wp-json\/wp\/v2\/types\/product"}],"wp:featuredmedia":[{"embeddable":true,"href":"https:\/\/matsuru.ro\/hu\/wp-json\/wp\/v2\/media\/7952"}],"wp:attachment":[{"href":"https:\/\/matsuru.ro\/hu\/wp-json\/wp\/v2\/media?parent=7948"}],"wp:term":[{"taxonomy":"product_brand","embeddable":true,"href":"https:\/\/matsuru.ro\/hu\/wp-json\/wp\/v2\/product_brand?post=7948"},{"taxonomy":"product_cat","embeddable":true,"href":"https:\/\/matsuru.ro\/hu\/wp-json\/wp\/v2\/product_cat?post=7948"},{"taxonomy":"product_tag","embeddable":true,"href":"https:\/\/matsuru.ro\/hu\/wp-json\/wp\/v2\/product_tag?post=7948"}],"curies":[{"name":"wp","href":"https:\/\/api.w.org\/{rel}","templated":true}]}}