{"id":7772,"date":"2025-06-19T10:41:26","date_gmt":"2025-06-19T10:41:26","guid":{"rendered":"https:\/\/matsuru.ro\/?post_type=product&#038;p=7772"},"modified":"2026-03-31T06:33:06","modified_gmt":"2026-03-31T06:33:06","slug":"centura-budo-cu-dungi-100-bumbac-pentru-arte-martiale","status":"publish","type":"product","link":"https:\/\/matsuru.ro\/hu\/produse-noi-promo\/centura-budo-cu-dungi-100-bumbac-pentru-arte-martiale\/","title":{"rendered":"Feh\u00e9r cs\u00edkos Matsuru Budo \u00f6v"},"content":{"rendered":"<p>A Matsuru feh\u00e9r cs\u00edkkal ell\u00e1tott budo \u00f6v halad\u00f3 kezd\u0151 \u00e9s k\u00f6z\u00e9phalad\u00f3 szint\u0171 sportol\u00f3k sz\u00e1m\u00e1ra k\u00e9sz\u00fclt, ahol a cs\u00edkoz\u00e1s a fejl\u0151d\u00e9si szintek jel\u00f6l\u00e9s\u00e9re szolg\u00e1l bizonyos rendszerekben. A feh\u00e9r cs\u00edk az anyag r\u00e9sze.<\/p>\n<p>A tart\u00f3s pamut anyag \u00e9s a t\u00f6bbsz\u00f6r\u00f6s varr\u00e1s hossz\u00fa \u00e9lettartamot \u00e9s megb\u00edzhat\u00f3 haszn\u00e1latot biztos\u00edt. Szabv\u00e1nyos 4 cm-es sz\u00e9less\u00e9ge \u00e9s t\u00f6bb m\u00e9retben, valamint sz\u00ednv\u00e1ltozatban val\u00f3 el\u00e9rhet\u0151s\u00e9ge miatt ide\u00e1lis judo, jiu-jitsu \u00e9s m\u00e1s k\u00fczd\u0151sportok edz\u00e9seihez.<\/p>","protected":false},"excerpt":{"rendered":"<p>A Matsuru judo \u00f6v feh\u00e9r cs\u00edkkal 100% pamutb\u00f3l k\u00e9sz\u00fclt, \u00e9s teljes hossz\u00e1ban feh\u00e9r cs\u00edkkal rendelkezik. K\u00f6r\u00fclbel\u00fcl 4 cm sz\u00e9less\u00e9g\u0171, ide\u00e1lis judo, jiu-jitsu \u00e9s m\u00e1s harcm\u0171v\u00e9szetek gyakorl\u00e1s\u00e1hoz, gyermekek \u00e9s feln\u0151ttek sz\u00e1m\u00e1ra.<\/p>","protected":false},"featured_media":7800,"template":"","meta":{"ocean_post_layout":"","ocean_both_sidebars_style":"","ocean_both_sidebars_content_width":0,"ocean_both_sidebars_sidebars_width":0,"ocean_sidebar":"0","ocean_second_sidebar":"0","ocean_disable_margins":"enable","ocean_add_body_class":"","ocean_shortcode_before_top_bar":"","ocean_shortcode_after_top_bar":"","ocean_shortcode_before_header":"","ocean_shortcode_after_header":"","ocean_has_shortcode":"","ocean_shortcode_after_title":"","ocean_shortcode_before_footer_widgets":"","ocean_shortcode_after_footer_widgets":"","ocean_shortcode_before_footer_bottom":"","ocean_shortcode_after_footer_bottom":"","ocean_display_top_bar":"default","ocean_display_header":"default","ocean_header_style":"","ocean_center_header_left_menu":"0","ocean_custom_header_template":"0","ocean_custom_logo":0,"ocean_custom_retina_logo":0,"ocean_custom_logo_max_width":0,"ocean_custom_logo_tablet_max_width":0,"ocean_custom_logo_mobile_max_width":0,"ocean_custom_logo_max_height":0,"ocean_custom_logo_tablet_max_height":0,"ocean_custom_logo_mobile_max_height":0,"ocean_header_custom_menu":"0","ocean_menu_typo_font_family":"0","ocean_menu_typo_font_subset":"","ocean_menu_typo_font_size":0,"ocean_menu_typo_font_size_tablet":0,"ocean_menu_typo_font_size_mobile":0,"ocean_menu_typo_font_size_unit":"px","ocean_menu_typo_font_weight":"","ocean_menu_typo_font_weight_tablet":"","ocean_menu_typo_font_weight_mobile":"","ocean_menu_typo_transform":"","ocean_menu_typo_transform_tablet":"","ocean_menu_typo_transform_mobile":"","ocean_menu_typo_line_height":0,"ocean_menu_typo_line_height_tablet":0,"ocean_menu_typo_line_height_mobile":0,"ocean_menu_typo_line_height_unit":"","ocean_menu_typo_spacing":0,"ocean_menu_typo_spacing_tablet":0,"ocean_menu_typo_spacing_mobile":0,"ocean_menu_typo_spacing_unit":"","ocean_menu_link_color":"","ocean_menu_link_color_hover":"","ocean_menu_link_color_active":"","ocean_menu_link_background":"","ocean_menu_link_hover_background":"","ocean_menu_link_active_background":"","ocean_menu_social_links_bg":"","ocean_menu_social_hover_links_bg":"","ocean_menu_social_links_color":"","ocean_menu_social_hover_links_color":"","ocean_disable_title":"default","ocean_disable_heading":"default","ocean_post_title":"","ocean_post_subheading":"","ocean_post_title_style":"","ocean_post_title_background_color":"","ocean_post_title_background":0,"ocean_post_title_bg_image_position":"","ocean_post_title_bg_image_attachment":"","ocean_post_title_bg_image_repeat":"","ocean_post_title_bg_image_size":"","ocean_post_title_height":0,"ocean_post_title_bg_overlay":0.5,"ocean_post_title_bg_overlay_color":"","ocean_disable_breadcrumbs":"default","ocean_breadcrumbs_color":"","ocean_breadcrumbs_separator_color":"","ocean_breadcrumbs_links_color":"","ocean_breadcrumbs_links_hover_color":"","ocean_display_footer_widgets":"default","ocean_display_footer_bottom":"default","ocean_custom_footer_template":"0"},"product_brand":[],"product_cat":[36,38,31,65],"product_tag":[],"class_list":{"0":"post-7772","1":"product","2":"type-product","3":"status-publish","4":"has-post-thumbnail","6":"product_cat-accesorii","7":"product_cat-centuri","8":"product_cat-judo","9":"product_cat-produse-noi-promo","11":"entry","12":"has-media","14":"first","15":"instock","16":"shipping-taxable","17":"purchasable","18":"product-type-variable","19":"has-product-nav","20":"col","21":"span_1_of_3","22":"owp-content-center","23":"owp-thumbs-layout-horizontal","24":"owp-btn-normal","25":"owp-tabs-layout-horizontal"},"_links":{"self":[{"href":"https:\/\/matsuru.ro\/hu\/wp-json\/wp\/v2\/product\/7772","targetHints":{"allow":["GET"]}}],"collection":[{"href":"https:\/\/matsuru.ro\/hu\/wp-json\/wp\/v2\/product"}],"about":[{"href":"https:\/\/matsuru.ro\/hu\/wp-json\/wp\/v2\/types\/product"}],"wp:featuredmedia":[{"embeddable":true,"href":"https:\/\/matsuru.ro\/hu\/wp-json\/wp\/v2\/media\/7800"}],"wp:attachment":[{"href":"https:\/\/matsuru.ro\/hu\/wp-json\/wp\/v2\/media?parent=7772"}],"wp:term":[{"taxonomy":"product_brand","embeddable":true,"href":"https:\/\/matsuru.ro\/hu\/wp-json\/wp\/v2\/product_brand?post=7772"},{"taxonomy":"product_cat","embeddable":true,"href":"https:\/\/matsuru.ro\/hu\/wp-json\/wp\/v2\/product_cat?post=7772"},{"taxonomy":"product_tag","embeddable":true,"href":"https:\/\/matsuru.ro\/hu\/wp-json\/wp\/v2\/product_tag?post=7772"}],"curies":[{"name":"wp","href":"https:\/\/api.w.org\/{rel}","templated":true}]}}