{"id":6681,"date":"2023-12-12T15:11:53","date_gmt":"2023-12-12T15:11:53","guid":{"rendered":"https:\/\/matsuru.ro\/?post_type=product&#038;p=6681"},"modified":"2025-03-03T10:48:18","modified_gmt":"2025-03-03T10:48:18","slug":"b-j-j-ne-waza-2","status":"publish","type":"product","link":"https:\/\/matsuru.ro\/hu\/produse-noi-promo\/b-j-j-ne-waza-2\/","title":{"rendered":"B.J.J. Ne Waza Grey"},"content":{"rendered":"<p>Matsuru B.J.J. Ne Waza \u2013 Ide\u00e1lis v\u00e1laszt\u00e1s a brazil Jiu-Jitsu gyakorl\u00f3k sz\u00e1m\u00e1ra!<\/p>\n<p>Ha gyakorl\u00f3 brazil Jiu-Jitsu (BJJ) \u00e9s keres egy kiv\u00e1l\u00f3 min\u0151s\u00e9g\u0171 kimon\u00f3, Matsuru BJJ Ne Waza a t\u00f6k\u00e9letes v\u00e1laszt\u00e1s. 100 pamutb\u00f3l k\u00e9sz\u00fclt%Az 550 g\/m2-es gy\u00f6ngysz\u00f6v\u00e9s\u0171 kimon\u00f3 ide\u00e1lis intenz\u00edv edz\u00e9sekhez \u00e9s hivatalos versenyekhez.<\/p>\n<p>Kifejezetten nem-waza technik\u00e1khoz \u00e9s f\u00f6ldi harcokhoz tervezve, v\u00e1g\u00e1sa maxim\u00e1lis mozg\u00e1sszabads\u00e1got biztos\u00edt, lehet\u0151v\u00e9 t\u00e9ve, hogy maxim\u00e1lis hat\u00e9konys\u00e1ggal hajtson v\u00e9gre sweepeket, beadv\u00e1nyokat \u00e9s ellenfelek ir\u00e1ny\u00edt\u00e1s\u00e1t.<\/p>\n<p>F\u0151bb jellemz\u0151k:<\/p>\n<p>\u2705 Tart\u00f3s \u00e9s k\u00e9nyelmes anyag \u2013 100% Pamut, ide\u00e1lis intenz\u00edv edz\u00e9sekhez<br \/>\n\u2705 550 g\/m2-es gy\u00f6ngysz\u00f6v\u00e9s\u0171 sz\u00f6vet \u2013 t\u00f6k\u00e9letes egyens\u00faly a tart\u00f3ss\u00e1g \u00e9s a s\u00faly k\u00f6z\u00f6tt<br \/>\n\u2705 Optimaliz\u00e1lt illeszked\u00e9s a mobilit\u00e1shoz \u2013 alkalmas mind a k\u00e9pz\u00e9sre, mind a versenyre<br \/>\n\u2705 Meger\u0151s\u00edtett csom\u00f3k \u00e9s varratok \u2013 fokozott ellen\u00e1ll\u00e1s az intenz\u00edv fog\u00e1sokkal \u00e9s h\u00faz\u00e1ssal szemben<br \/>\n\u2705 Nem tartalmaz \u00f6vet \u2013 az \u00f6vet k\u00fcl\u00f6n kell megv\u00e1s\u00e1rolni<\/p>\n<p>Modern design \u00e9s pr\u00e9mium sz\u00ednek<\/p>\n<p>Ez a kimon\u00f3 sz\u00fcrke sz\u00ednben kaphat\u00f3, de k\u00f6zvetlen\u00fcl a weboldalunkon z\u00f6ld sz\u00ednben is megrendelhet\u0151!<\/p>\n<p>M\u00e9rett\u00e1bl\u00e1zat:<br \/>\n\t\u2022 150\/160 cm = A0<br \/>\n\t\u2022 160\/170 cm = A1<br \/>\n\t\u2022 170\/180 cm = A2<br \/>\n\t\u2022 180\/190 cm = A3<br \/>\n\t\u2022 190\/200 cm = A4<br \/>\n\t\u2022 200\/210 cm = A5<\/p>\n<p>Legyen sz\u00f3 gi edz\u00e9sr\u0151l vagy no-gi versenyekre val\u00f3 felk\u00e9sz\u00fcl\u00e9sr\u0151l, Matsuru B.J.J. Ne Waza egy olyan kimon\u00f3, amely k\u00e9nyelmet, kitart\u00e1st \u00e9s mozg\u00e1sszabads\u00e1got biztos\u00edt, amely elengedhetetlen a brazil Jiu-Jitsu fejl\u0151d\u00e9s\u00e9hez!<\/p>\n<p>\u26a1 Rendelje meg most sz\u00fcrke vagy z\u00f6ld k\u00f6zvetlen\u00fcl a honlapunkon!<\/p>","protected":false},"excerpt":{"rendered":"<p> B.J.J. Ne Waza \u2013 pr\u00e9mium gi a brazil Jiu-Jitsu (BJJ) sz\u00e1m\u00e1ra, 100 pamutb\u00f3l%, 550 g\/m2-es gy\u00f6ngysz\u00f6v\u00e9ssel. <\/p>\n<p>Kifejezetten f\u00f6ldi harcokhoz (ne-waza) \u00e9s intenz\u00edv edz\u00e9sekhez tervezve, ez a kimon\u00f3 tart\u00f3ss\u00e1got \u00e9s maxim\u00e1lis k\u00e9nyelmet k\u00edn\u00e1l.<\/p>\n<p>\u2714 El\u00e9rhet\u0151 sz\u00fcrke \u00e9s z\u00f6ld sz\u00ednben honlapunkon!<br \/>\n\u2714 Optimaliz\u00e1lt illeszked\u00e9s a mobilit\u00e1shoz \u00e9s a teljes\u00edtm\u00e9nyhez optimaliz\u00e1lva<br \/>\n\u2714 Ide\u00e1lis k\u00e9pz\u00e9shez \u00e9s hivatalos versenyekhez<\/p>","protected":false},"featured_media":6690,"template":"","meta":{"ocean_post_layout":"","ocean_both_sidebars_style":"","ocean_both_sidebars_content_width":0,"ocean_both_sidebars_sidebars_width":0,"ocean_sidebar":"0","ocean_second_sidebar":"0","ocean_disable_margins":"enable","ocean_add_body_class":"","ocean_shortcode_before_top_bar":"","ocean_shortcode_after_top_bar":"","ocean_shortcode_before_header":"","ocean_shortcode_after_header":"","ocean_has_shortcode":"","ocean_shortcode_after_title":"","ocean_shortcode_before_footer_widgets":"","ocean_shortcode_after_footer_widgets":"","ocean_shortcode_before_footer_bottom":"","ocean_shortcode_after_footer_bottom":"","ocean_display_top_bar":"default","ocean_display_header":"default","ocean_header_style":"","ocean_center_header_left_menu":"0","ocean_custom_header_template":"0","ocean_custom_logo":0,"ocean_custom_retina_logo":0,"ocean_custom_logo_max_width":0,"ocean_custom_logo_tablet_max_width":0,"ocean_custom_logo_mobile_max_width":0,"ocean_custom_logo_max_height":0,"ocean_custom_logo_tablet_max_height":0,"ocean_custom_logo_mobile_max_height":0,"ocean_header_custom_menu":"0","ocean_menu_typo_font_family":"0","ocean_menu_typo_font_subset":"","ocean_menu_typo_font_size":0,"ocean_menu_typo_font_size_tablet":0,"ocean_menu_typo_font_size_mobile":0,"ocean_menu_typo_font_size_unit":"px","ocean_menu_typo_font_weight":"","ocean_menu_typo_font_weight_tablet":"","ocean_menu_typo_font_weight_mobile":"","ocean_menu_typo_transform":"","ocean_menu_typo_transform_tablet":"","ocean_menu_typo_transform_mobile":"","ocean_menu_typo_line_height":0,"ocean_menu_typo_line_height_tablet":0,"ocean_menu_typo_line_height_mobile":0,"ocean_menu_typo_line_height_unit":"","ocean_menu_typo_spacing":0,"ocean_menu_typo_spacing_tablet":0,"ocean_menu_typo_spacing_mobile":0,"ocean_menu_typo_spacing_unit":"","ocean_menu_link_color":"","ocean_menu_link_color_hover":"","ocean_menu_link_color_active":"","ocean_menu_link_background":"","ocean_menu_link_hover_background":"","ocean_menu_link_active_background":"","ocean_menu_social_links_bg":"","ocean_menu_social_hover_links_bg":"","ocean_menu_social_links_color":"","ocean_menu_social_hover_links_color":"","ocean_disable_title":"default","ocean_disable_heading":"default","ocean_post_title":"","ocean_post_subheading":"","ocean_post_title_style":"","ocean_post_title_background_color":"","ocean_post_title_background":0,"ocean_post_title_bg_image_position":"","ocean_post_title_bg_image_attachment":"","ocean_post_title_bg_image_repeat":"","ocean_post_title_bg_image_size":"","ocean_post_title_height":0,"ocean_post_title_bg_overlay":0.5,"ocean_post_title_bg_overlay_color":"","ocean_disable_breadcrumbs":"default","ocean_breadcrumbs_color":"","ocean_breadcrumbs_separator_color":"","ocean_breadcrumbs_links_color":"","ocean_breadcrumbs_links_hover_color":"","ocean_display_footer_widgets":"default","ocean_display_footer_bottom":"default","ocean_custom_footer_template":"0"},"product_brand":[],"product_cat":[32,43,65],"product_tag":[],"class_list":{"0":"post-6681","1":"product","2":"type-product","3":"status-publish","4":"has-post-thumbnail","6":"product_cat-jiu-jitsu","7":"product_cat-pachete-jiu-jitsu","8":"product_cat-produse-noi-promo","10":"entry","11":"has-media","13":"first","14":"instock","15":"shipping-taxable","16":"purchasable","17":"product-type-variable","18":"has-product-nav","19":"col","20":"span_1_of_3","21":"owp-content-center","22":"owp-thumbs-layout-horizontal","23":"owp-btn-normal","24":"owp-tabs-layout-horizontal","25":"has-no-thumbnails"},"_links":{"self":[{"href":"https:\/\/matsuru.ro\/hu\/wp-json\/wp\/v2\/product\/6681","targetHints":{"allow":["GET"]}}],"collection":[{"href":"https:\/\/matsuru.ro\/hu\/wp-json\/wp\/v2\/product"}],"about":[{"href":"https:\/\/matsuru.ro\/hu\/wp-json\/wp\/v2\/types\/product"}],"wp:featuredmedia":[{"embeddable":true,"href":"https:\/\/matsuru.ro\/hu\/wp-json\/wp\/v2\/media\/6690"}],"wp:attachment":[{"href":"https:\/\/matsuru.ro\/hu\/wp-json\/wp\/v2\/media?parent=6681"}],"wp:term":[{"taxonomy":"product_brand","embeddable":true,"href":"https:\/\/matsuru.ro\/hu\/wp-json\/wp\/v2\/product_brand?post=6681"},{"taxonomy":"product_cat","embeddable":true,"href":"https:\/\/matsuru.ro\/hu\/wp-json\/wp\/v2\/product_cat?post=6681"},{"taxonomy":"product_tag","embeddable":true,"href":"https:\/\/matsuru.ro\/hu\/wp-json\/wp\/v2\/product_tag?post=6681"}],"curies":[{"name":"wp","href":"https:\/\/api.w.org\/{rel}","templated":true}]}}