{"id":4441,"date":"2022-07-18T10:25:19","date_gmt":"2022-07-18T10:25:19","guid":{"rendered":"https:\/\/matsuru.ro\/?post_type=product&#038;p=4441"},"modified":"2025-03-20T14:56:54","modified_gmt":"2025-03-20T14:56:54","slug":"geanta-sport-camuflaj","status":"publish","type":"product","link":"https:\/\/matsuru.ro\/hu\/aikido\/geanta-sport-camuflaj\/","title":{"rendered":"Matsuru Camo sportt\u00e1ska"},"content":{"rendered":"<p>Matsuru Camo Sportt\u00e1ska - \u00c1lc\u00e1z\u00e1si st\u00edlus, sokoldal\u00fas\u00e1g \u00e9s maxim\u00e1lis funkcionalit\u00e1s minden harci sporthoz!<\/p>\n<p>Az \u00faj Matsuru Camo sportt\u00e1ska olyan sportol\u00f3k sz\u00e1m\u00e1ra k\u00e9sz\u00fclt, akik jiu-jitsu, boksz, aikido, karate, kickbox vagy m\u00e1s harcm\u0171v\u00e9szeti tudom\u00e1ny\u00e1gat gyakorolnak. An\u00e9lk\u00fcl, hogy egyetlen sportnak szenteln\u00e9 mag\u00e1t, ez a t\u00e1ska ide\u00e1lis minden harcos sz\u00e1m\u00e1ra, akiknek nagyvonal\u00fa \u00e9s szervezett helyre van sz\u00fcks\u00e9g\u00fck felszerel\u00e9s\u00fckh\u00f6z. 60 x 30 x 30 cm-es m\u00e9ret\u00e9vel elegend\u0151 helyet biztos\u00edt a kimon\u00f3, keszty\u0171k, v\u00e9d\u0151k, \u00f6vek \u00e9s egy\u00e9b alapvet\u0151 kieg\u00e9sz\u00edt\u0151k sz\u00e1m\u00e1ra.<\/p>\n<p>Ennek a modellnek az egyik legnagyobb el\u0151nye a sz\u00e1ll\u00edt\u00e1si sokoldal\u00fas\u00e1g. A t\u00e1ska h\u00e1rom k\u00fcl\u00f6nb\u00f6z\u0151 m\u00f3don viselhet\u0151:<br \/>\n\u2714 H\u00e1tizs\u00e1kk\u00e9nt \u2013 \u00c1ll\u00edthat\u00f3 p\u00e1ntokkal rendelkezik, amelyek k\u00e9nyelmes viseletet tesznek lehet\u0151v\u00e9 a h\u00e1ton.<br \/>\n\u2714 A v\u00e1llon \u2013 Az egyik v\u00e1llon viselhet\u0151 a gyors hozz\u00e1f\u00e9r\u00e9s \u00e9rdek\u00e9ben.<br \/>\n\u2714 K\u00e9zi \u2013 A k\u00f6nny\u0171 sz\u00e1ll\u00edt\u00e1s \u00e9rdek\u00e9ben szil\u00e1rd foganty\u00fakkal rendelkezik.<\/p>\n<p>Ezenk\u00edv\u00fcl a fogszab\u00e1lyoz\u00f3k elrejthet\u0151k, ha nincsenek haszn\u00e1latban, \u00edgy megakad\u00e1lyozz\u00e1k a szennyez\u0151d\u00e9st \u00e9s rendezettebb megjelen\u00e9st biztos\u00edtanak.<\/p>\n<p>F\u0151bb jellemz\u0151k:<br \/>\n\u2714 Modern \u00e1lc\u00e1z\u00e1si kialak\u00edt\u00e1s \u2013 Egyedi megjelen\u00e9s, amely b\u00e1rmilyen harci sporthoz alkalmas.<br \/>\n\u2714 Tart\u00f3s \u00e9s v\u00edz\u00e1ll\u00f3 anyag \u2013 V\u00e9di a berendez\u00e9seket a kop\u00e1st\u00f3l \u00e9s a nedvess\u00e9gt\u0151l.<br \/>\n\u2714 T\u00e1gas f\u0151rekesz \u2013 Ide\u00e1lis teljes felszerel\u00e9s sz\u00e1ll\u00edt\u00e1s\u00e1ra.<br \/>\n\u2714 T\u00f6bb zseb \u2013 A kieg\u00e9sz\u00edt\u0151k \u00e9s szem\u00e9lyes t\u00e1rgyak hat\u00e9kony szervez\u00e9se.<br \/>\n\u2714 3 az 1-ben sz\u00e1ll\u00edt\u00f3rendszer \u2013 H\u00e1tizs\u00e1kk\u00e9nt, v\u00e1llon vagy k\u00e9zben viselhet\u0151.<br \/>\n\u2714 Robusztus cipz\u00e1rak \u00e9s biztons\u00e1gos csatok \u2013 Maxim\u00e1lis tart\u00f3ss\u00e1got \u00e9s v\u00e9delmet biztos\u00edt.<br \/>\n\u2714 Rejtett hevederek \u2013 Haszn\u00e1laton k\u00edv\u00fcli szennyez\u0151d\u00e9sek megel\u0151z\u00e9se.<\/p>\n<p>Kinek val\u00f3 ez a t\u00e1ska?<br \/>\nEz a t\u00e1ska nem egyetlen sportnak szentelt, \u00edgy t\u00f6k\u00e9letes v\u00e1laszt\u00e1s a vegyes harcm\u0171v\u00e9szeti szakemberek, a kontakt sportol\u00f3k \u00e9s a funkcion\u00e1lis edz\u00e9sek sz\u00e1m\u00e1ra. Ak\u00e1r gyakorolni jiu-jitsu, boksz, aikido, kickbox, karate vagy muay thai, ez a t\u00e1ska tartja a berendez\u00e9s szervezett \u00e9s v\u00e9dett, \u00edgy a maxim\u00e1lis rugalmass\u00e1got a sz\u00e1ll\u00edt\u00e1s.<\/p>\n<p>Mi\u00e9rt v\u00e1lassza a Matsuru Camo t\u00e1sk\u00e1t?<br \/>\n\u2714 Maxim\u00e1lis sokoldal\u00fas\u00e1g \u2013 Alkalmas minden harci sporthoz, \u00e9s h\u00e1rom k\u00f6zleked\u00e9si m\u00f3dot k\u00edn\u00e1l.<br \/>\n\u2714 Praktikus m\u00e9ret \u00e9s t\u00e1gas t\u00e9r \u2013 K\u00f6nnyen sz\u00e1ll\u00edthat\u00f3, de el\u00e9g t\u00e1gas b\u00e1rmilyen berendez\u00e9shez.<br \/>\n\u2714 Min\u0151s\u00e9gi anyagok \u00e9s modern design \u2013 Optim\u00e1lis funkcionalit\u00e1s st\u00edlussal kombin\u00e1lva.<\/p>\n<p>Rendelje meg most, \u00e9s sz\u00e1ll\u00edtsa felszerel\u00e9s\u00e9t st\u00edlusosan, hat\u00e9konyan \u00e9s maxim\u00e1lis rugalmass\u00e1ggal, f\u00fcggetlen\u00fcl att\u00f3l, hogy milyen sportot gyakorol!<\/p>","protected":false},"excerpt":{"rendered":"<p>Matsuru Camo Sportt\u00e1ska - Sokoldal\u00fa, t\u00e1gas \u00e9s t\u00f6k\u00e9letes minden harci sporthoz! H\u00e1tizs\u00e1kk\u00e9nt, v\u00e1llon vagy k\u00e9zben viselhet\u0151, \u00e9s a p\u00e1ntok elrejthet\u0151k a k\u00e9nyelmesebb sz\u00e1ll\u00edt\u00e1s \u00e9rdek\u00e9ben. Ide\u00e1lis jiu-jitsu, boksz, aikido, karate vagy b\u00e1rmilyen m\u00e1s harcm\u0171v\u00e9szet. Rendelj most!<\/p>","protected":false},"featured_media":4442,"template":"","meta":{"ocean_post_layout":"","ocean_both_sidebars_style":"","ocean_both_sidebars_content_width":0,"ocean_both_sidebars_sidebars_width":0,"ocean_sidebar":"0","ocean_second_sidebar":"0","ocean_disable_margins":"enable","ocean_add_body_class":"","ocean_shortcode_before_top_bar":"","ocean_shortcode_after_top_bar":"","ocean_shortcode_before_header":"","ocean_shortcode_after_header":"","ocean_has_shortcode":"","ocean_shortcode_after_title":"","ocean_shortcode_before_footer_widgets":"","ocean_shortcode_after_footer_widgets":"","ocean_shortcode_before_footer_bottom":"","ocean_shortcode_after_footer_bottom":"","ocean_display_top_bar":"default","ocean_display_header":"default","ocean_header_style":"","ocean_center_header_left_menu":"0","ocean_custom_header_template":"0","ocean_custom_logo":0,"ocean_custom_retina_logo":0,"ocean_custom_logo_max_width":0,"ocean_custom_logo_tablet_max_width":0,"ocean_custom_logo_mobile_max_width":0,"ocean_custom_logo_max_height":0,"ocean_custom_logo_tablet_max_height":0,"ocean_custom_logo_mobile_max_height":0,"ocean_header_custom_menu":"0","ocean_menu_typo_font_family":"0","ocean_menu_typo_font_subset":"","ocean_menu_typo_font_size":0,"ocean_menu_typo_font_size_tablet":0,"ocean_menu_typo_font_size_mobile":0,"ocean_menu_typo_font_size_unit":"px","ocean_menu_typo_font_weight":"","ocean_menu_typo_font_weight_tablet":"","ocean_menu_typo_font_weight_mobile":"","ocean_menu_typo_transform":"","ocean_menu_typo_transform_tablet":"","ocean_menu_typo_transform_mobile":"","ocean_menu_typo_line_height":0,"ocean_menu_typo_line_height_tablet":0,"ocean_menu_typo_line_height_mobile":0,"ocean_menu_typo_line_height_unit":"","ocean_menu_typo_spacing":0,"ocean_menu_typo_spacing_tablet":0,"ocean_menu_typo_spacing_mobile":0,"ocean_menu_typo_spacing_unit":"","ocean_menu_link_color":"","ocean_menu_link_color_hover":"","ocean_menu_link_color_active":"","ocean_menu_link_background":"","ocean_menu_link_hover_background":"","ocean_menu_link_active_background":"","ocean_menu_social_links_bg":"","ocean_menu_social_hover_links_bg":"","ocean_menu_social_links_color":"","ocean_menu_social_hover_links_color":"","ocean_disable_title":"default","ocean_disable_heading":"default","ocean_post_title":"","ocean_post_subheading":"","ocean_post_title_style":"","ocean_post_title_background_color":"","ocean_post_title_background":0,"ocean_post_title_bg_image_position":"","ocean_post_title_bg_image_attachment":"","ocean_post_title_bg_image_repeat":"","ocean_post_title_bg_image_size":"","ocean_post_title_height":0,"ocean_post_title_bg_overlay":0.5,"ocean_post_title_bg_overlay_color":"","ocean_disable_breadcrumbs":"default","ocean_breadcrumbs_color":"","ocean_breadcrumbs_separator_color":"","ocean_breadcrumbs_links_color":"","ocean_breadcrumbs_links_hover_color":"","ocean_display_footer_widgets":"default","ocean_display_footer_bottom":"default","ocean_custom_footer_template":"0"},"product_brand":[],"product_cat":[36,144,34,58,35,46,62,32],"product_tag":[],"class_list":{"0":"post-4441","1":"product","2":"type-product","3":"status-publish","4":"has-post-thumbnail","6":"product_cat-accesorii","7":"product_cat-aikido","8":"product_cat-box-kickbox","9":"product_cat-genti-mma-kickbox","10":"product_cat-genti","11":"product_cat-genti-jiu-jitsu","12":"product_cat-genti-multifunctionale","13":"product_cat-jiu-jitsu","15":"entry","16":"has-media","18":"first","19":"instock","20":"shipping-taxable","21":"purchasable","22":"product-type-simple","23":"has-product-nav","24":"col","25":"span_1_of_3","26":"owp-content-center","27":"owp-thumbs-layout-horizontal","28":"owp-btn-normal","29":"owp-tabs-layout-horizontal"},"_links":{"self":[{"href":"https:\/\/matsuru.ro\/hu\/wp-json\/wp\/v2\/product\/4441","targetHints":{"allow":["GET"]}}],"collection":[{"href":"https:\/\/matsuru.ro\/hu\/wp-json\/wp\/v2\/product"}],"about":[{"href":"https:\/\/matsuru.ro\/hu\/wp-json\/wp\/v2\/types\/product"}],"wp:featuredmedia":[{"embeddable":true,"href":"https:\/\/matsuru.ro\/hu\/wp-json\/wp\/v2\/media\/4442"}],"wp:attachment":[{"href":"https:\/\/matsuru.ro\/hu\/wp-json\/wp\/v2\/media?parent=4441"}],"wp:term":[{"taxonomy":"product_brand","embeddable":true,"href":"https:\/\/matsuru.ro\/hu\/wp-json\/wp\/v2\/product_brand?post=4441"},{"taxonomy":"product_cat","embeddable":true,"href":"https:\/\/matsuru.ro\/hu\/wp-json\/wp\/v2\/product_cat?post=4441"},{"taxonomy":"product_tag","embeddable":true,"href":"https:\/\/matsuru.ro\/hu\/wp-json\/wp\/v2\/product_tag?post=4441"}],"curies":[{"name":"wp","href":"https:\/\/api.w.org\/{rel}","templated":true}]}}