{"id":2078,"date":"2020-10-09T17:56:46","date_gmt":"2020-10-09T17:56:46","guid":{"rendered":"https:\/\/matsuru.ro\/?post_type=product&#038;p=2078"},"modified":"2025-10-16T10:36:54","modified_gmt":"2025-10-16T10:36:54","slug":"manusi-box-pattaya-roz","status":"publish","type":"product","link":"https:\/\/matsuru.ro\/hu\/manusi\/manusi-box-pattaya-roz\/","title":{"rendered":"R\u00f3zsasz\u00edn Pattaya boksz keszty\u0171"},"content":{"rendered":"<p>Adjon hozz\u00e1 egy kis st\u00edlust az edz\u00e9sekhez Matsuru Pattaya Roz\u00e9 bokszkeszty\u0171vel. Ezek a keszty\u0171k kifejezetten olyan sportol\u00f3k sz\u00e1m\u00e1ra k\u00e9sz\u00fcltek, akik a teljes\u00edtm\u00e9ny \u00e9s a k\u00fcl\u00f6nleges design t\u00f6k\u00e9letes kombin\u00e1ci\u00f3j\u00e1t szeretn\u00e9k. A kiv\u00e1l\u00f3 min\u0151s\u00e9g\u0171 b\u0151rb\u0151l k\u00e9sz\u00fclt Matsuru Pattaya keszty\u0171k kiv\u00e9teles tart\u00f3ss\u00e1got \u00e9s k\u00e9nyelmet biztos\u00edtanak, \u00edgy ide\u00e1lisak az intenz\u00edv edz\u00e9sekhez \u00e9s a sparringhoz.<\/p>\n<p>A modern r\u00f3zsasz\u00edn sz\u00edn st\u00edlusos \u00e9s vonz\u00f3 megjelen\u00e9st k\u00f6lcs\u00f6n\u00f6z, \u00edgy ide\u00e1lis azoknak a sportol\u00f3knak, akik ki akarnak t\u0171nni a gy\u0171r\u0171ben.<\/p>\n<p>Mi\u00e9rt v\u00e1lassza Matsuru Pattaya Roz\u00e9-t?<br \/>\n\t\u2022 Val\u00f3di b\u0151rszerkezet a tart\u00f3ss\u00e1g \u00e9s a maxim\u00e1lis teljes\u00edtm\u00e9ny \u00e9rdek\u00e9ben.<br \/>\n\t\u2022 Egyedi \u00e9s st\u00edlusos design, amely \u00e9szrevehet\u0151v\u00e9 teszi.<br \/>\n\t\u2022 Ide\u00e1lis minden tapasztalati szinthez, a kezd\u0151kt\u0151l a halad\u00f3kig.<\/p>\n<p>Rendelje meg Matsuru Pattaya Roz\u00e9 bokszkeszty\u0171j\u00e9t most, \u00e9s tegye edz\u00e9seit igaz\u00e1n k\u00fcl\u00f6nleges \u00e9lm\u00e9nny\u00e9! T\u00f6bbf\u00e9le m\u00e9retben kaphat\u00f3, hogy megfeleljen az egyes sportol\u00f3k k\u00f6vetelm\u00e9nyeinek.<\/p>","protected":false},"excerpt":{"rendered":"<p>F\u0151bb jellemz\u0151k:<br \/>\n\t\u2022 Pr\u00e9mium anyag: Kiv\u00e1l\u00f3 min\u0151s\u00e9g\u0171, kop\u00e1s\u00e1ll\u00f3 b\u0151r.<br \/>\n\t\u2022 Ergonomikus kialak\u00edt\u00e1s: T\u00f6k\u00e9letesen illeszkedik a k\u00e9z alakj\u00e1hoz az optim\u00e1lis v\u00e9delem \u00e9rdek\u00e9ben.<br \/>\n\t\u2022 Puha b\u00e9l\u00e9s: Magas szint\u0171 k\u00e9nyelmet biztos\u00edt, \u00e9s cs\u00f6kkenti az \u00edz\u00fcletekre gyakorolt hat\u00e1st.<br \/>\n\t\u2022 \u00c9l\u00e9nk sz\u00edn: Modern r\u00f3zsasz\u00edn a jellegzetes megjelen\u00e9s\u00e9rt.<br \/>\n\t\u2022 T\u00e9p\u0151z\u00e1ras rendszer: Lehet\u0151v\u00e9 teszi a gyors be\u00e1ll\u00edt\u00e1st \u00e9s stabilit\u00e1st biztos\u00edt.<\/p>","protected":false},"featured_media":2079,"template":"","meta":{"ocean_post_layout":"","ocean_both_sidebars_style":"","ocean_both_sidebars_content_width":0,"ocean_both_sidebars_sidebars_width":0,"ocean_sidebar":"0","ocean_second_sidebar":"0","ocean_disable_margins":"enable","ocean_add_body_class":"","ocean_shortcode_before_top_bar":"","ocean_shortcode_after_top_bar":"","ocean_shortcode_before_header":"","ocean_shortcode_after_header":"","ocean_has_shortcode":"","ocean_shortcode_after_title":"","ocean_shortcode_before_footer_widgets":"","ocean_shortcode_after_footer_widgets":"","ocean_shortcode_before_footer_bottom":"","ocean_shortcode_after_footer_bottom":"","ocean_display_top_bar":"default","ocean_display_header":"default","ocean_header_style":"","ocean_center_header_left_menu":"0","ocean_custom_header_template":"0","ocean_custom_logo":0,"ocean_custom_retina_logo":0,"ocean_custom_logo_max_width":0,"ocean_custom_logo_tablet_max_width":0,"ocean_custom_logo_mobile_max_width":0,"ocean_custom_logo_max_height":0,"ocean_custom_logo_tablet_max_height":0,"ocean_custom_logo_mobile_max_height":0,"ocean_header_custom_menu":"0","ocean_menu_typo_font_family":"0","ocean_menu_typo_font_subset":"","ocean_menu_typo_font_size":0,"ocean_menu_typo_font_size_tablet":0,"ocean_menu_typo_font_size_mobile":0,"ocean_menu_typo_font_size_unit":"px","ocean_menu_typo_font_weight":"","ocean_menu_typo_font_weight_tablet":"","ocean_menu_typo_font_weight_mobile":"","ocean_menu_typo_transform":"","ocean_menu_typo_transform_tablet":"","ocean_menu_typo_transform_mobile":"","ocean_menu_typo_line_height":0,"ocean_menu_typo_line_height_tablet":0,"ocean_menu_typo_line_height_mobile":0,"ocean_menu_typo_line_height_unit":"","ocean_menu_typo_spacing":0,"ocean_menu_typo_spacing_tablet":0,"ocean_menu_typo_spacing_mobile":0,"ocean_menu_typo_spacing_unit":"","ocean_menu_link_color":"","ocean_menu_link_color_hover":"","ocean_menu_link_color_active":"","ocean_menu_link_background":"","ocean_menu_link_hover_background":"","ocean_menu_link_active_background":"","ocean_menu_social_links_bg":"","ocean_menu_social_hover_links_bg":"","ocean_menu_social_links_color":"","ocean_menu_social_hover_links_color":"","ocean_disable_title":"default","ocean_disable_heading":"default","ocean_post_title":"","ocean_post_subheading":"","ocean_post_title_style":"","ocean_post_title_background_color":"","ocean_post_title_background":0,"ocean_post_title_bg_image_position":"","ocean_post_title_bg_image_attachment":"","ocean_post_title_bg_image_repeat":"","ocean_post_title_bg_image_size":"","ocean_post_title_height":0,"ocean_post_title_bg_overlay":0.5,"ocean_post_title_bg_overlay_color":"","ocean_disable_breadcrumbs":"default","ocean_breadcrumbs_color":"","ocean_breadcrumbs_separator_color":"","ocean_breadcrumbs_links_color":"","ocean_breadcrumbs_links_hover_color":"","ocean_display_footer_widgets":"default","ocean_display_footer_bottom":"default","ocean_custom_footer_template":"0"},"product_brand":[],"product_cat":[34,142],"product_tag":[],"class_list":{"0":"post-2078","1":"product","2":"type-product","3":"status-publish","4":"has-post-thumbnail","6":"product_cat-box-kickbox","7":"product_cat-manusi","9":"entry","10":"has-media","12":"first","13":"instock","14":"sale","15":"shipping-taxable","16":"purchasable","17":"product-type-variable","18":"has-product-nav","19":"col","20":"span_1_of_3","21":"owp-content-center","22":"owp-thumbs-layout-horizontal","23":"owp-btn-normal","24":"owp-tabs-layout-horizontal","25":"has-no-thumbnails"},"_links":{"self":[{"href":"https:\/\/matsuru.ro\/hu\/wp-json\/wp\/v2\/product\/2078","targetHints":{"allow":["GET"]}}],"collection":[{"href":"https:\/\/matsuru.ro\/hu\/wp-json\/wp\/v2\/product"}],"about":[{"href":"https:\/\/matsuru.ro\/hu\/wp-json\/wp\/v2\/types\/product"}],"wp:featuredmedia":[{"embeddable":true,"href":"https:\/\/matsuru.ro\/hu\/wp-json\/wp\/v2\/media\/2079"}],"wp:attachment":[{"href":"https:\/\/matsuru.ro\/hu\/wp-json\/wp\/v2\/media?parent=2078"}],"wp:term":[{"taxonomy":"product_brand","embeddable":true,"href":"https:\/\/matsuru.ro\/hu\/wp-json\/wp\/v2\/product_brand?post=2078"},{"taxonomy":"product_cat","embeddable":true,"href":"https:\/\/matsuru.ro\/hu\/wp-json\/wp\/v2\/product_cat?post=2078"},{"taxonomy":"product_tag","embeddable":true,"href":"https:\/\/matsuru.ro\/hu\/wp-json\/wp\/v2\/product_tag?post=2078"}],"curies":[{"name":"wp","href":"https:\/\/api.w.org\/{rel}","templated":true}]}}