{"id":3,"date":"2019-06-08T20:06:48","date_gmt":"2019-06-08T20:06:48","guid":{"rendered":"https:\/\/matsuru.ro\/?page_id=3"},"modified":"2026-02-04T09:44:57","modified_gmt":"2026-02-04T09:44:57","slug":"termeni-si-conditii","status":"publish","type":"page","link":"https:\/\/matsuru.ro\/hu\/termeni-si-conditii\/","title":{"rendered":"\u00c1ltal\u00e1nos szerz\u0151d\u00e9si felt\u00e9telek"},"content":{"rendered":"<h2><b>Sz\u00e1ll\u00edt\u00e1si \u00e9s k\u00e9szletinform\u00e1ci\u00f3k<\/b><\/h2>\n<p><span style=\"font-weight: 400;\">Az al\u00e1bbiakban naprak\u00e9sz inform\u00e1ci\u00f3kat tal\u00e1l a weboldalunkon leadott megrendel\u00e9sek sz\u00e1ll\u00edt\u00e1si rendj\u00e9r\u0151l \u00e9s k\u00e9szletkezel\u00e9s\u00e9r\u0151l.<\/span><\/p>\n<h3><b>1. Term\u00e9kek el\u00e9rhet\u0151s\u00e9ge (Stock)<\/b><\/h3>\n<p>A term\u00e9kek el\u00e9rhet\u0151s\u00e9g\u00e9r\u0151l a megrendel\u00e9s lead\u00e1sa ut\u00e1n t\u00e1j\u00e9koztatjuk \u00d6nt.<\/p>\n<h3><b>2. Sz\u00e1ll\u00edt\u00e1s Rom\u00e1nia ter\u00fclet\u00e9n<\/b><\/h3>\n<p><span style=\"font-weight: 400;\">Bels\u0151 megrendel\u00e9sek eset\u00e9n partners\u00e9get k\u00f6t\u00f6tt\u00fcnk a fut\u00e1rc\u00e9ggel <\/span><b>Cargus<\/b><span style=\"font-weight: 400;\">.<\/span><\/p>\n<ul>\n<li style=\"font-weight: 400;\" aria-level=\"1\"><b>Sz\u00e1ll\u00edt\u00e1si hat\u00e1rid\u0151:<\/b><span style=\"font-weight: 400;\"> Ha a term\u00e9k rakt\u00e1ron van, akkor bel\u00fcl el\u00e9ri \u00d6nt <\/span><b>24\u201348 \u00f3ra<\/b><span style=\"font-weight: 400;\"> a megrendel\u00e9s visszaigazol\u00e1s\u00e1b\u00f3l.<\/span><\/li>\n<\/ul>\n<h3><b>3. Nemzetk\u00f6zi sz\u00e1ll\u00edt\u00e1sok (Magyarorsz\u00e1g \u00e9s Bulg\u00e1ria)<\/b><\/h3>\n<p><span style=\"font-weight: 400;\">A Magyarorsz\u00e1gra \u00e9s Bulg\u00e1ri\u00e1ba ir\u00e1nyul\u00f3 sz\u00e1ll\u00edtm\u00e1nyokat a nemzetk\u00f6zi h\u00e1l\u00f3zat fedezi. <\/span><b>DPD<\/b><span style=\"font-weight: 400;\">.<\/span><\/p>\n<ul>\n<li style=\"font-weight: 400;\" aria-level=\"1\"><b>Sz\u00e1ll\u00edt\u00e1si hat\u00e1rid\u0151:<\/b><span style=\"font-weight: 400;\"> Rendszerint a becs\u00fclt k\u00fcls\u0151 sz\u00e1ll\u00edt\u00e1s a k\u00f6vetkez\u0151 id\u0151pontok k\u00f6z\u00f6tt t\u00f6rt\u00e9nik: <\/span><b>3 \u00e9s 5 munkanap<\/b><span style=\"font-weight: 400;\">. A pontos hat\u00e1rid\u0151k \u00e9s a csomagfigyel\u00e9s \u00e9rdek\u00e9ben javasoljuk, hogy l\u00e1togasson el a hivatalos DPD oldalra.<\/span><\/li>\n<li style=\"font-weight: 400;\" aria-level=\"1\"><b>Visszak\u00fcld\u00e9si\/cserefelt\u00e9telek:<\/b><span style=\"font-weight: 400;\"> A magyarorsz\u00e1gi \u00e9s bulg\u00e1riai \u00fcgyfelekre vonatkoz\u00f3 csere- vagy visszak\u00fcld\u00e9si elj\u00e1r\u00e1sok megegyeznek a rom\u00e1niai elj\u00e1r\u00e1sokkal. K\u00e9rj\u00fck azonban, vegye figyelembe, hogy bizonyos logisztikai felt\u00e9telek teljes\u00edt\u00e9se k\u00f6zvetlen\u00fcl a DPD fut\u00e1rszolg\u00e1lat politik\u00e1j\u00e1t\u00f3l f\u00fcgg.<\/span><\/li>\n<\/ul>\n<p><b>Kapcsolattart\u00f3\u00a0<\/b><\/p>\n<p><span style=\"font-weight: 400;\">Ha gyors seg\u00edts\u00e9gre van sz\u00fcks\u00e9ge, vegye fel vel\u00fcnk a kapcsolatot az al\u00e1bbi el\u00e9rhet\u0151s\u00e9geken: <a href=\"https:\/\/matsuru.ro\/hu\/contact\/\">Dedik\u00e1lt r\u00e9sz<\/a> az oldalr\u00f3l.<\/span><\/p>","protected":false},"excerpt":{"rendered":"<p>Sz\u00e1ll\u00edt\u00e1si \u00e9s k\u00e9szletinform\u00e1ci\u00f3k Az al\u00e1bbiakban naprak\u00e9sz inform\u00e1ci\u00f3kat tal\u00e1l a weboldalunkon leadott megrendel\u00e9sek sz\u00e1ll\u00edt\u00e1si rendj\u00e9r\u0151l \u00e9s k\u00e9szletkezel\u00e9s\u00e9r\u0151l. 1. A term\u00e9kek el\u00e9rhet\u0151s\u00e9ge (Stock) A term\u00e9kek el\u00e9rhet\u0151s\u00e9g\u00e9r\u0151l a megrendel\u00e9st k\u00f6vet\u0151en t\u00e1j\u00e9koztatjuk \u00d6nt. 2. Belf\u00f6ldi megrendel\u00e9sek eset\u00e9n partners\u00e9get k\u00f6t\u00f6tt\u00fcnk a Cargus fut\u00e1rszolg\u00e1lattal. Sz\u00e1ll\u00edt\u00e1si hat\u00e1rid\u0151: [\u2026]<\/p>","protected":false},"author":1,"featured_media":0,"parent":0,"menu_order":0,"comment_status":"closed","ping_status":"closed","template":"","meta":{"ocean_post_layout":"full-width","ocean_both_sidebars_style":"","ocean_both_sidebars_content_width":0,"ocean_both_sidebars_sidebars_width":0,"ocean_sidebar":"0","ocean_second_sidebar":"0","ocean_disable_margins":"enable","ocean_add_body_class":"","ocean_shortcode_before_top_bar":"","ocean_shortcode_after_top_bar":"","ocean_shortcode_before_header":"","ocean_shortcode_after_header":"","ocean_has_shortcode":"","ocean_shortcode_after_title":"","ocean_shortcode_before_footer_widgets":"","ocean_shortcode_after_footer_widgets":"","ocean_shortcode_before_footer_bottom":"","ocean_shortcode_after_footer_bottom":"","ocean_display_top_bar":"default","ocean_display_header":"default","ocean_header_style":"","ocean_center_header_left_menu":"0","ocean_custom_header_template":"0","ocean_custom_logo":0,"ocean_custom_retina_logo":0,"ocean_custom_logo_max_width":0,"ocean_custom_logo_tablet_max_width":0,"ocean_custom_logo_mobile_max_width":0,"ocean_custom_logo_max_height":0,"ocean_custom_logo_tablet_max_height":0,"ocean_custom_logo_mobile_max_height":0,"ocean_header_custom_menu":"0","ocean_menu_typo_font_family":"0","ocean_menu_typo_font_subset":"","ocean_menu_typo_font_size":0,"ocean_menu_typo_font_size_tablet":0,"ocean_menu_typo_font_size_mobile":0,"ocean_menu_typo_font_size_unit":"px","ocean_menu_typo_font_weight":"","ocean_menu_typo_font_weight_tablet":"","ocean_menu_typo_font_weight_mobile":"","ocean_menu_typo_transform":"","ocean_menu_typo_transform_tablet":"","ocean_menu_typo_transform_mobile":"","ocean_menu_typo_line_height":0,"ocean_menu_typo_line_height_tablet":0,"ocean_menu_typo_line_height_mobile":0,"ocean_menu_typo_line_height_unit":"","ocean_menu_typo_spacing":0,"ocean_menu_typo_spacing_tablet":0,"ocean_menu_typo_spacing_mobile":0,"ocean_menu_typo_spacing_unit":"","ocean_menu_link_color":"","ocean_menu_link_color_hover":"","ocean_menu_link_color_active":"","ocean_menu_link_background":"","ocean_menu_link_hover_background":"","ocean_menu_link_active_background":"","ocean_menu_social_links_bg":"","ocean_menu_social_hover_links_bg":"","ocean_menu_social_links_color":"","ocean_menu_social_hover_links_color":"","ocean_disable_title":"default","ocean_disable_heading":"default","ocean_post_title":"","ocean_post_subheading":"","ocean_post_title_style":"","ocean_post_title_background_color":"","ocean_post_title_background":0,"ocean_post_title_bg_image_position":"","ocean_post_title_bg_image_attachment":"","ocean_post_title_bg_image_repeat":"","ocean_post_title_bg_image_size":"","ocean_post_title_height":0,"ocean_post_title_bg_overlay":0.5,"ocean_post_title_bg_overlay_color":"","ocean_disable_breadcrumbs":"default","ocean_breadcrumbs_color":"","ocean_breadcrumbs_separator_color":"","ocean_breadcrumbs_links_color":"","ocean_breadcrumbs_links_hover_color":"","ocean_display_footer_widgets":"default","ocean_display_footer_bottom":"default","ocean_custom_footer_template":"0","footnotes":""},"class_list":["post-3","page","type-page","status-publish","hentry","entry","owp-thumbs-layout-horizontal","owp-btn-normal","owp-tabs-layout-horizontal","has-no-thumbnails","has-product-nav"],"_links":{"self":[{"href":"https:\/\/matsuru.ro\/hu\/wp-json\/wp\/v2\/pages\/3","targetHints":{"allow":["GET"]}}],"collection":[{"href":"https:\/\/matsuru.ro\/hu\/wp-json\/wp\/v2\/pages"}],"about":[{"href":"https:\/\/matsuru.ro\/hu\/wp-json\/wp\/v2\/types\/page"}],"author":[{"embeddable":true,"href":"https:\/\/matsuru.ro\/hu\/wp-json\/wp\/v2\/users\/1"}],"replies":[{"embeddable":true,"href":"https:\/\/matsuru.ro\/hu\/wp-json\/wp\/v2\/comments?post=3"}],"version-history":[{"count":5,"href":"https:\/\/matsuru.ro\/hu\/wp-json\/wp\/v2\/pages\/3\/revisions"}],"predecessor-version":[{"id":8141,"href":"https:\/\/matsuru.ro\/hu\/wp-json\/wp\/v2\/pages\/3\/revisions\/8141"}],"wp:attachment":[{"href":"https:\/\/matsuru.ro\/hu\/wp-json\/wp\/v2\/media?parent=3"}],"curies":[{"name":"wp","href":"https:\/\/api.w.org\/{rel}","templated":true}]}}